{"id":390,"date":"2025-12-22T17:41:00","date_gmt":"2025-12-22T16:41:00","guid":{"rendered":"https:\/\/drechsel-kunst.shop\/about\/"},"modified":"2026-01-02T17:06:01","modified_gmt":"2026-01-02T16:06:01","slug":"ueber-mich","status":"publish","type":"page","link":"https:\/\/www.massivholz-kunst.de\/shop\/ueber-mich\/","title":{"rendered":"\u00dcber mich"},"content":{"rendered":"\t\t<div data-elementor-type=\"wp-page\" data-elementor-id=\"390\" class=\"elementor elementor-390\">\n\t\t\t\t<div class=\"elementor-element elementor-element-0bea4b9 e-flex e-con-boxed e-con e-parent\" data-id=\"0bea4b9\" data-element_type=\"container\" data-e-type=\"container\" data-settings=\"{&quot;background_background&quot;:&quot;classic&quot;}\">\n\t\t\t\t\t<div class=\"e-con-inner\">\n\t\t\t\t<div class=\"elementor-element elementor-element-971956a elementor-widget elementor-widget-heading\" data-id=\"971956a\" data-element_type=\"widget\" data-e-type=\"widget\" data-widget_type=\"heading.default\">\n\t\t\t\t<div class=\"elementor-widget-container\">\n\t\t\t\t\t<h2 class=\"elementor-heading-title elementor-size-default\">\u00dcber mich<\/h2>\t\t\t\t<\/div>\n\t\t\t\t<\/div>\n\t\t\t\t<div class=\"elementor-element elementor-element-bd41f24 elementor-widget elementor-widget-text-editor\" data-id=\"bd41f24\" data-element_type=\"widget\" data-e-type=\"widget\" data-widget_type=\"text-editor.default\">\n\t\t\t\t<div class=\"elementor-widget-container\">\n\t\t\t\t\t\t\t\t\t<p><strong>Gestaltung aus Leidenschaft:<\/strong><\/p>\t\t\t\t\t\t\t\t<\/div>\n\t\t\t\t<\/div>\n\t\t\t\t<div class=\"elementor-element elementor-element-66656cf elementor-align-center elementor-widget elementor-widget-button\" data-id=\"66656cf\" data-element_type=\"widget\" data-e-type=\"widget\" data-widget_type=\"button.default\">\n\t\t\t\t<div class=\"elementor-widget-container\">\n\t\t\t\t\t\t\t\t\t<div class=\"elementor-button-wrapper\">\n\t\t\t\t\t<a class=\"elementor-button elementor-button-link elementor-size-sm\" href=\"https:\/\/www.massivholz-kunst.de\/shop\/philosophie\/\">\n\t\t\t\t\t\t<span class=\"elementor-button-content-wrapper\">\n\t\t\t\t\t\t\t\t\t<span class=\"elementor-button-text\">Meine Philosophie<\/span>\n\t\t\t\t\t<\/span>\n\t\t\t\t\t<\/a>\n\t\t\t\t<\/div>\n\t\t\t\t\t\t\t\t<\/div>\n\t\t\t\t<\/div>\n\t\t\t\t\t<\/div>\n\t\t\t\t<\/div>\n\t\t<div class=\"elementor-element elementor-element-f4a7be5 e-flex e-con-boxed e-con e-parent\" data-id=\"f4a7be5\" data-element_type=\"container\" data-e-type=\"container\">\n\t\t\t\t\t<div class=\"e-con-inner\">\n\t\t<div class=\"elementor-element elementor-element-6348d00 e-con-full e-flex e-con e-child\" data-id=\"6348d00\" data-element_type=\"container\" data-e-type=\"container\">\n\t\t\t\t<div class=\"elementor-element elementor-element-30ec438 elementor-widget elementor-widget-heading\" data-id=\"30ec438\" data-element_type=\"widget\" data-e-type=\"widget\" data-widget_type=\"heading.default\">\n\t\t\t\t<div class=\"elementor-widget-container\">\n\t\t\t\t\t<h2 class=\"elementor-heading-title elementor-size-default\">Meine Vision:<\/h2>\t\t\t\t<\/div>\n\t\t\t\t<\/div>\n\t\t\t\t<div class=\"elementor-element elementor-element-6a9f6c4 elementor-widget elementor-widget-text-editor\" data-id=\"6a9f6c4\" data-element_type=\"widget\" data-e-type=\"widget\" data-widget_type=\"text-editor.default\">\n\t\t\t\t<div class=\"elementor-widget-container\">\n\t\t\t\t\t\t\t\t\t<p>Ich m\u00f6chte mit meinen F\u00e4higkeiten Sch\u00f6nes gestalten,\u00a0damit man sich jedes Mal freuen kann,\u00a0wenn man es anschaut oder benutzt.\u00a0In dieser besonderen Zeit, in welcher wir gerade leben, wird vielen Menschen bewu\u00dft, dass alle unsere bisherigen Lebensbereiche und unsere bisherige Lebensweise nicht menschengem\u00e4\u00df waren und erst recht jetzt nicht sind. Es ist absehbar, dass ein Ende des Gewohnten nah ist. Dies betrifft alle Bereiche, in welchen ich mein ganzes Leben schon meinen Gestaltungs-drang hin zum Sch\u00f6nen und Lebenswerten, Lebensf\u00f6rdernden eingebracht habe. Seien es meine handwerklichen Arbeiten, meine Art zu wirtschaften oder meine Bem\u00fchungen in sozialen Zusammenh\u00e4ngen: die Zukunft mu\u00df anders aussehen, das war mir immer ein Anliegen.<\/p>\t\t\t\t\t\t\t\t<\/div>\n\t\t\t\t<\/div>\n\t\t\t\t<\/div>\n\t\t<div class=\"elementor-element elementor-element-953a020 e-con-full e-flex e-con e-child\" data-id=\"953a020\" data-element_type=\"container\" data-e-type=\"container\">\n\t\t\t\t<div class=\"elementor-element elementor-element-c98d416 elementor-widget elementor-widget-image\" data-id=\"c98d416\" data-element_type=\"widget\" data-e-type=\"widget\" data-widget_type=\"image.default\">\n\t\t\t\t<div class=\"elementor-widget-container\">\n\t\t\t\t\t\t\t\t\t\t\t\t\t\t\t\t<a href=\"https:\/\/www.massivholz-kunst.de\/shop\/wp-content\/uploads\/2025\/12\/holzkunst-scaled.jpg\" data-elementor-open-lightbox=\"yes\" data-elementor-lightbox-title=\"holzkunst\" data-e-action-hash=\"#elementor-action%3Aaction%3Dlightbox%26settings%3DeyJpZCI6NzgwLCJ1cmwiOiJodHRwczpcL1wvd3d3Lm1hc3NpdmhvbHota3Vuc3QuZGVcL3Nob3BcL3dwLWNvbnRlbnRcL3VwbG9hZHNcLzIwMjVcLzEyXC9ob2x6a3Vuc3Qtc2NhbGVkLmpwZyJ9\">\n\t\t\t\t\t\t\t<img fetchpriority=\"high\" decoding=\"async\" width=\"1024\" height=\"724\" src=\"https:\/\/www.massivholz-kunst.de\/shop\/wp-content\/uploads\/2025\/12\/holzkunst-1024x724.jpg\" class=\"attachment-large size-large wp-image-780\" alt=\"holzkunst\" srcset=\"https:\/\/www.massivholz-kunst.de\/shop\/wp-content\/uploads\/2025\/12\/holzkunst-1024x724.jpg 1024w, https:\/\/www.massivholz-kunst.de\/shop\/wp-content\/uploads\/2025\/12\/holzkunst-300x212.jpg 300w, https:\/\/www.massivholz-kunst.de\/shop\/wp-content\/uploads\/2025\/12\/holzkunst-768x543.jpg 768w, https:\/\/www.massivholz-kunst.de\/shop\/wp-content\/uploads\/2025\/12\/holzkunst-1536x1086.jpg 1536w, https:\/\/www.massivholz-kunst.de\/shop\/wp-content\/uploads\/2025\/12\/holzkunst-2048x1448.jpg 2048w, https:\/\/www.massivholz-kunst.de\/shop\/wp-content\/uploads\/2025\/12\/holzkunst-600x424.jpg 600w\" sizes=\"(max-width: 1024px) 100vw, 1024px\" \/>\t\t\t\t\t\t\t\t<\/a>\n\t\t\t\t\t\t\t\t\t\t\t\t\t\t\t<\/div>\n\t\t\t\t<\/div>\n\t\t\t\t<\/div>\n\t\t\t\t\t<\/div>\n\t\t\t\t<\/div>\n\t\t<div class=\"elementor-element elementor-element-5fdb465 e-flex e-con-boxed e-con e-parent\" data-id=\"5fdb465\" data-element_type=\"container\" data-e-type=\"container\">\n\t\t\t\t\t<div class=\"e-con-inner\">\n\t\t<div class=\"elementor-element elementor-element-4e19c24 e-con-full e-flex e-con e-child\" data-id=\"4e19c24\" data-element_type=\"container\" data-e-type=\"container\">\n\t\t\t\t<div class=\"elementor-element elementor-element-bc24a48 elementor-widget elementor-widget-image\" data-id=\"bc24a48\" data-element_type=\"widget\" data-e-type=\"widget\" data-widget_type=\"image.default\">\n\t\t\t\t<div class=\"elementor-widget-container\">\n\t\t\t\t\t\t\t\t\t\t\t\t\t\t\t<img decoding=\"async\" width=\"320\" height=\"281\" src=\"https:\/\/www.massivholz-kunst.de\/shop\/wp-content\/uploads\/2025\/12\/markus.jpg\" class=\"attachment-large size-large wp-image-781\" alt=\"markus\" srcset=\"https:\/\/www.massivholz-kunst.de\/shop\/wp-content\/uploads\/2025\/12\/markus.jpg 320w, https:\/\/www.massivholz-kunst.de\/shop\/wp-content\/uploads\/2025\/12\/markus-300x263.jpg 300w\" sizes=\"(max-width: 320px) 100vw, 320px\" \/>\t\t\t\t\t\t\t\t\t\t\t\t\t\t\t<\/div>\n\t\t\t\t<\/div>\n\t\t\t\t<\/div>\n\t\t<div class=\"elementor-element elementor-element-49b650b e-con-full e-flex e-con e-child\" data-id=\"49b650b\" data-element_type=\"container\" data-e-type=\"container\">\n\t\t\t\t<div class=\"elementor-element elementor-element-962051c elementor-widget elementor-widget-heading\" data-id=\"962051c\" data-element_type=\"widget\" data-e-type=\"widget\" data-widget_type=\"heading.default\">\n\t\t\t\t<div class=\"elementor-widget-container\">\n\t\t\t\t\t<h2 class=\"elementor-heading-title elementor-size-default\">Zur Person:<\/h2>\t\t\t\t<\/div>\n\t\t\t\t<\/div>\n\t\t\t\t<div class=\"elementor-element elementor-element-5aad3bc elementor-widget elementor-widget-text-editor\" data-id=\"5aad3bc\" data-element_type=\"widget\" data-e-type=\"widget\" data-widget_type=\"text-editor.default\">\n\t\t\t\t<div class=\"elementor-widget-container\">\n\t\t\t\t\t\t\t\t\t<p>Marekus Schwarz, geb. 1956<br \/>verheiratet, zusammen 5 Kindern, 8 Enkelkinder.<br \/><br \/>Waldorfsch\u00fcler, Tischlerlehre, Kunststudium, Gr\u00fcnder und ehemaliger Gesch\u00e4ftsf\u00fchrer verschiedener sozialer Einrichtungen, Waldorfschulgesch\u00e4ftsf\u00fchrer, freiberuflicher Programmierer. Segellehrer (DSV-Diplom), praxiserfahrener Erlebnisp\u00e4dagoge und Dozent f\u00fcr Erlebnisp\u00e4dagogik und Erwachsenenausbildung, Skipper, Teamtrainer und Gr\u00fcnder des erlebnisp\u00e4dagogischen Segel-Zeltlagers (<a href=\"http:\/\/www.segel-zeltlager.de\/\" target=\"_blank\" rel=\"noopener\">www.segel-zeltlager.de<\/a>).<\/p><p>Gestaltung unseres Lebensumfeldes, die Dinge sch\u00f6n machen, das ist mir ein Anliegen. Ich habe mein ganzes Leben lang gestaltet, an Objekten und im Sozialen. Als Rentner stehe ich in jeder freien Minute in meiner Werkstatt und gestalte mit Freude immer wieder neue Formen.<\/p>\t\t\t\t\t\t\t\t<\/div>\n\t\t\t\t<\/div>\n\t\t\t\t<\/div>\n\t\t\t\t\t<\/div>\n\t\t\t\t<\/div>\n\t\t\t\t<\/div>\n\t\t","protected":false},"excerpt":{"rendered":"<p>\u00dcber mich Gestaltung aus Leidenschaft: Meine Philosophie Meine Vision: Ich m\u00f6chte mit meinen F\u00e4higkeiten Sch\u00f6nes gestalten,\u00a0damit man sich jedes Mal [&hellip;]<\/p>\n","protected":false},"author":1,"featured_media":0,"parent":0,"menu_order":0,"comment_status":"closed","ping_status":"closed","template":"","meta":{"site-sidebar-layout":"no-sidebar","site-content-layout":"","ast-site-content-layout":"full-width-container","site-content-style":"unboxed","site-sidebar-style":"default","ast-global-header-display":"","ast-banner-title-visibility":"","ast-main-header-display":"","ast-hfb-above-header-display":"","ast-hfb-below-header-display":"","ast-hfb-mobile-header-display":"","site-post-title":"","ast-breadcrumbs-content":"","ast-featured-img":"disabled","footer-sml-layout":"","ast-disable-related-posts":"","theme-transparent-header-meta":"enabled","adv-header-id-meta":"","stick-header-meta":"","header-above-stick-meta":"","header-main-stick-meta":"","header-below-stick-meta":"","astra-migrate-meta-layouts":"default","ast-page-background-enabled":"default","ast-page-background-meta":{"desktop":{"background-color":"var(--ast-global-color-4)","background-image":"","background-repeat":"repeat","background-position":"center center","background-size":"auto","background-attachment":"scroll","background-type":"","background-media":"","overlay-type":"","overlay-color":"","overlay-opacity":"","overlay-gradient":""},"tablet":{"background-color":"","background-image":"","background-repeat":"repeat","background-position":"center center","background-size":"auto","background-attachment":"scroll","background-type":"","background-media":"","overlay-type":"","overlay-color":"","overlay-opacity":"","overlay-gradient":""},"mobile":{"background-color":"","background-image":"","background-repeat":"repeat","background-position":"center center","background-size":"auto","background-attachment":"scroll","background-type":"","background-media":"","overlay-type":"","overlay-color":"","overlay-opacity":"","overlay-gradient":""}},"ast-content-background-meta":{"desktop":{"background-color":"var(--ast-global-color-5)","background-image":"","background-repeat":"repeat","background-position":"center center","background-size":"auto","background-attachment":"scroll","background-type":"","background-media":"","overlay-type":"","overlay-color":"","overlay-opacity":"","overlay-gradient":""},"tablet":{"background-color":"var(--ast-global-color-5)","background-image":"","background-repeat":"repeat","background-position":"center center","background-size":"auto","background-attachment":"scroll","background-type":"","background-media":"","overlay-type":"","overlay-color":"","overlay-opacity":"","overlay-gradient":""},"mobile":{"background-color":"var(--ast-global-color-5)","background-image":"","background-repeat":"repeat","background-position":"center center","background-size":"auto","background-attachment":"scroll","background-type":"","background-media":"","overlay-type":"","overlay-color":"","overlay-opacity":"","overlay-gradient":""}},"footnotes":""},"class_list":["post-390","page","type-page","status-publish","hentry"],"_links":{"self":[{"href":"https:\/\/www.massivholz-kunst.de\/shop\/wp-json\/wp\/v2\/pages\/390","targetHints":{"allow":["GET"]}}],"collection":[{"href":"https:\/\/www.massivholz-kunst.de\/shop\/wp-json\/wp\/v2\/pages"}],"about":[{"href":"https:\/\/www.massivholz-kunst.de\/shop\/wp-json\/wp\/v2\/types\/page"}],"author":[{"embeddable":true,"href":"https:\/\/www.massivholz-kunst.de\/shop\/wp-json\/wp\/v2\/users\/1"}],"replies":[{"embeddable":true,"href":"https:\/\/www.massivholz-kunst.de\/shop\/wp-json\/wp\/v2\/comments?post=390"}],"version-history":[{"count":0,"href":"https:\/\/www.massivholz-kunst.de\/shop\/wp-json\/wp\/v2\/pages\/390\/revisions"}],"wp:attachment":[{"href":"https:\/\/www.massivholz-kunst.de\/shop\/wp-json\/wp\/v2\/media?parent=390"}],"curies":[{"name":"wp","href":"https:\/\/api.w.org\/{rel}","templated":true}]}}